{"id":1892,"date":"2026-01-03T13:21:31","date_gmt":"2026-01-03T13:21:31","guid":{"rendered":"https:\/\/hephaprecision.com\/?page_id=1892"},"modified":"2026-01-09T06:19:50","modified_gmt":"2026-01-09T06:19:50","slug":"precision-profile-grinding","status":"publish","type":"page","link":"https:\/\/hephaprecision.com\/es\/precision-profile-grinding\/","title":{"rendered":"tecnolog\u00eda"},"content":{"rendered":"<div class=\"wp-block-greenshift-blocks-row alignwide gspb_row gspb_row-id-gsbp-6d35c4d\" id=\"gspb_row-id-gsbp-6d35c4d\"><div class=\"gspb_row__content\"> \n<div class=\"wp-block-greenshift-blocks-row-column gspb_row__col--6 gspb_col-id-gsbp-b6c2cee\" id=\"gspb_col-id-gsbp-b6c2cee\">\n<figure class=\"wp-block-embed is-type-video is-provider-youtube wp-block-embed-youtube wp-embed-aspect-16-9 wp-has-aspect-ratio\"><div class=\"wp-block-embed__wrapper\">\n<iframe loading=\"lazy\" title=\"\u00bfQu\u00e9 es el rectificado de perfiles en la fabricaci\u00f3n de herramientas y moldes? | Explicaci\u00f3n del mecanizado de precisi\u00f3n\" width=\"1290\" height=\"726\" src=\"https:\/\/www.youtube.com\/embed\/rXSZzPycK1Q?feature=oembed\" frameborder=\"0\" allow=\"accelerometer; autoplay; clipboard-write; encrypted-media; gyroscope; picture-in-picture; web-share\" referrerpolicy=\"strict-origin-when-cross-origin\" allowfullscreen><\/iframe>\n<\/div><\/figure>\n<\/div>\n\n\n\n<div class=\"wp-block-greenshift-blocks-row-column gspb_row__col--6 gspb_col-id-gsbp-24fe51a\" id=\"gspb_col-id-gsbp-24fe51a\">\n<h2 id=\"gspb_heading-id-gsbp-a754ac9\" class=\"gspb_heading gspb_heading-id-gsbp-a754ac9\">Rectificado de perfiles de precisi\u00f3n (PG) - Waida High-Precision Solutions<span class=\"gspb_heading_subtitle\"><strong>Rectificado de perfiles (PG)<\/strong> ofrece un mecanizado de contornos y perfiles de alta precisi\u00f3n en el que la funci\u00f3n de la pieza depende de <strong>precisi\u00f3n de la forma m\u00e1s que del tama\u00f1o<\/strong>. Nuestras m\u00e1quinas Waida PG permiten <strong>precisi\u00f3n repetible, deformaci\u00f3n m\u00ednima y calidad superficial superior<\/strong>.<br><\/span><\/h2>\n<\/div>\n <\/div><\/div>\n\n\n\n<div class=\"wp-block-greenshift-blocks-row gspb_row gspb_row-id-gsbp-5ed327f\" id=\"gspb_row-id-gsbp-5ed327f\"><div class=\"gspb_row__content\"> \n<div class=\"wp-block-greenshift-blocks-row-column gspb_row__col--6 gspb_col-id-gsbp-cdccd75\" id=\"gspb_col-id-gsbp-cdccd75\">\n<h3 id=\"gspb_heading-id-gsbp-fa73a5c\" class=\"gspb_heading gspb_heading-id-gsbp-fa73a5c\">Resumen del proceso<\/h3>\n\n\n\n<div id=\"gspb_text-id-gsbp-b4a97c9\" class=\"gspb_text gspb_text-id-gsbp-b4a97c9 gs_style_skeuomorphism\"><strong>Rectificado de perfiles<\/strong> es un <strong>proceso de trituraci\u00f3n basado en la forma<\/strong>:<br><strong>Revestimiento de ruedas:<\/strong> El diamantado crea una r\u00e9plica negativa del contorno objetivo.<br><strong>Rectificado controlado por CNC:<\/strong> La rueda sigue trayectorias precisas con control de avance a nivel de micras.<br><strong>Compensaci\u00f3n del perfil:<\/strong> Los sistemas \u00f3pticos y CNC permiten la alineaci\u00f3n y correcci\u00f3n en tiempo real.<br><strong>Resultado:<\/strong> Precisi\u00f3n de contorno en un solo paso sin errores de acumulaci\u00f3n en varios pasos.<\/div>\n<style>.gs_style_skeuomorphism{background:#f5f5fa;border:0;border-radius:8px;box-shadow:-10px -10px 30px 0 #fff,10px 10px 30px 0 #1d0dca17;box-sizing:border-box;cursor:pointer;position:relative;transition:var(--gs-root-transition, all .5s ease-in-out);}.gs_style_skeuomorphism:hover{background:#f8f8ff;box-shadow:-15px -15px 30px 0 #fff,15px 15px 30px 0 #1d0dca17}<\/style><\/div>\n <\/div><\/div>\n\n\n\n<h3 id=\"gspb_heading-id-gsbp-72ee566\" class=\"gspb_heading gspb_heading-id-gsbp-72ee566\">Capacidades t\u00e9cnicas<\/h3>\n\n\n\n<figure class=\"wp-block-table\"><table class=\"has-fixed-layout\"><thead><tr><th>Par\u00e1metro<\/th><th>Valores t\u00edpicos \/ Notas<\/th><\/tr><\/thead><tbody><tr><td>Precisi\u00f3n dimensional<\/td><td>\u00b10,001 mm<\/td><\/tr><tr><td>Rugosidad superficial (Ra)<\/td><td>0,1 - 0,2 \u03bcm t\u00edpico<\/td><\/tr><tr><td>Repetibilidad<\/td><td>\u00b10,002 mm<\/td><\/tr><tr><td>Tama\u00f1o m\u00ednimo<\/td><td>0,1 mm borde\/ranura<\/td><\/tr><tr><td>Tama\u00f1o m\u00e1ximo de la pieza<\/td><td>Hasta 400 mm \u00d7 200 mm \u00d7 150 mm (depende del modelo de m\u00e1quina)<\/td><\/tr><tr><td>Dureza m\u00e1xima del material<\/td><td>HRC 68 (carburo de tungsteno, acero para herramientas)<\/td><\/tr><\/tbody><\/table><\/figure>\n\n\n\n<p><strong>Punto clave:<\/strong> PG destaca en <strong>piezas peque\u00f1as, delicadas o de paredes finas<\/strong> sin deformaci\u00f3n.<\/p>\n\n\n\n<h3 id=\"gspb_heading-id-gsbp-0669f83\" class=\"gspb_heading gspb_heading-id-gsbp-0669f83\">Materiales compatibles<\/h3>\n\n\n\n<ul class=\"wp-block-list\">\n<li>Carburo de wolframio y aleaciones duras<\/li>\n\n\n\n<li>Acero r\u00e1pido (HSS)<\/li>\n\n\n\n<li>Aceros para herramientas (SKD11, DC53)<\/li>\n\n\n\n<li>Aceros inoxidables (serie SUS)<\/li>\n\n\n\n<li>Aleaciones de cobre y berilio-cobre<\/li>\n\n\n\n<li>Componentes con tratamiento t\u00e9rmico<\/li>\n<\/ul>\n\n\n\n<p><strong>Nota de ingenier\u00eda:<\/strong> PG puede manipular componentes de moldes con tratamiento t\u00e9rmico posterior e insertos de alta dureza con control de contorno a nivel de micras.<\/p>\n\n\n\n<h3 id=\"gspb_heading-id-gsbp-6ea7503\" class=\"gspb_heading gspb_heading-id-gsbp-6ea7503\">Aplicaciones t\u00edpicas - Basadas en datos<\/h3>\n\n\n\n<figure class=\"wp-block-table\"><table class=\"has-fixed-layout\"><thead><tr><th>Aplicaci\u00f3n<\/th><th>Ejemplos de piezas<\/th><th>Caracter\u00edstica principal<\/th><\/tr><\/thead><tbody><tr><td>Componentes de moldes y herramientas<\/td><td>Punzones, insertos para matrices, n\u00facleos, correderas<\/td><td>\u00c1ngulos R, bordes, perfil cr\u00edtico<\/td><\/tr><tr><td>Herramientas de corte de precisi\u00f3n<\/td><td>Fresas de conformaci\u00f3n, fresas de \u00e1ngulo R, biseladoras<\/td><td>Precisi\u00f3n del contorno \u00b10,001 mm<\/td><\/tr><tr><td>Componentes de movimiento mec\u00e1nico<\/td><td>Perfiles de c\u00e1mara, seguidores<\/td><td>El perfil define la precisi\u00f3n del movimiento<\/td><\/tr><tr><td>Electr\u00f3nica y conectores<\/td><td>Terminales, muelles de contacto<\/td><td>Caracter\u00edsticas reducidas, alta repetibilidad<\/td><\/tr><tr><td>Calibres y accesorios<\/td><td>Calibres de perfil, bloques de referencia<\/td><td>Consistencia dimensional, baja deformaci\u00f3n<\/td><\/tr><tr><td>Instrumentos m\u00e9dicos \/ de precisi\u00f3n<\/td><td>Instrumentos quir\u00fargicos, bordes de microcorte<\/td><td>Precisi\u00f3n de cantos, perfiles complejos<\/td><\/tr><\/tbody><\/table><\/figure>\n\n\n\n<p><strong>Conocimientos de ingenier\u00eda:<\/strong> Para piezas en las que <strong>perfil = funci\u00f3n<\/strong>, PG garantiza la integridad funcional.<\/p>\n\n\n\n<h3 id=\"gspb_heading-id-gsbp-405af8c\" class=\"gspb_heading gspb_heading-id-gsbp-405af8c\">Ventajas frente a otros m\u00e9todos<\/h3>\n\n\n\n<figure class=\"wp-block-table\"><table class=\"has-fixed-layout\"><thead><tr><th>Caracter\u00edstica<\/th><th>PG<\/th><th>CNC \/ EDM<\/th><\/tr><\/thead><tbody><tr><td>Precisi\u00f3n de contorno<\/td><td>\u00b10,001 mm<\/td><td>\u00b10,01 mm t\u00edpico<\/td><\/tr><tr><td>Acabado superficial<\/td><td>Ra 0,1-0,2 \u03bcm<\/td><td>Ra 0,4-0,8 \u03bcm<\/td><\/tr><tr><td>Consistencia de los bordes<\/td><td>Alta<\/td><td>Moderado<\/td><\/tr><tr><td>Flexibilidad del material<\/td><td>Aceros duros, carburos<\/td><td>Aceros duros, carburos limitados<\/td><\/tr><tr><td>Acumulaci\u00f3n por etapas<\/td><td>M\u00ednimo<\/td><td>Superior, requiere acabado secundario<\/td><\/tr><\/tbody><\/table><\/figure>\n\n\n\n<h3 id=\"gspb_heading-id-gsbp-42c70de\" class=\"gspb_heading gspb_heading-id-gsbp-42c70de\">Cu\u00e1ndo considerar la externalizaci\u00f3n de PG<\/h3>\n\n\n\n<ul class=\"wp-block-list\">\n<li>Cr\u00edtica <strong>curvas, bordes o perfiles<\/strong><\/li>\n\n\n\n<li>Piezas peque\u00f1as, finas o delicadas<\/li>\n\n\n\n<li>Piezas que requieren <strong>alta repetibilidad funcional<\/strong><\/li>\n\n\n\n<li>Bajo volumen, alta precisi\u00f3n o formas personalizadas<\/li>\n<\/ul>\n\n\n\n<p><strong>Regla de decisi\u00f3n:<\/strong> Si el rendimiento de su pieza depende del contorno, PG suele ser el <strong>\u00fanica soluci\u00f3n pr\u00e1ctica<\/strong>.<\/p>\n\n\n\n<h3 id=\"gspb_heading-id-gsbp-07f0846\" class=\"gspb_heading gspb_heading-id-gsbp-07f0846\">Asistencia t\u00e9cnica y colaboraci\u00f3n<\/h3>\n\n\n\n<p>Proporcionamos:<\/p>\n\n\n\n<ul class=\"wp-block-list\">\n<li><strong>An\u00e1lisis de viabilidad:<\/strong> Determinar si el PG es adecuado<\/li>\n\n\n\n<li><strong>Optimizaci\u00f3n del perfil:<\/strong> Sugerir modificaciones para facilitar la fabricaci\u00f3n<\/li>\n\n\n\n<li><strong>Exactitud y evaluaci\u00f3n de riesgos:<\/strong> Predecir tolerancias, deformaci\u00f3n y repetibilidad<\/li>\n\n\n\n<li><strong>Orientaci\u00f3n PG frente a m\u00e9todos alternativos:<\/strong> Evite el costoso m\u00e9todo de ensayo y error<\/li>\n<\/ul>\n\n\n\n<p><strong>CTA:<\/strong> Comparta sus archivos CAD o dibujos t\u00e9cnicos, y le proporcionaremos un <strong>informe detallado de viabilidad del PG con las tolerancias previstas y el acabado superficial alcanzable<\/strong>.<\/p>\n\n\n\n<figure class=\"wp-block-gallery has-nested-images columns-default is-cropped wp-block-gallery-1 is-layout-flex wp-block-gallery-is-layout-flex\">\n<figure class=\"wp-block-image size-large\"><img loading=\"lazy\" decoding=\"async\" width=\"1000\" height=\"750\" data-id=\"2134\" src=\"https:\/\/hephaprecision.com\/wp-content\/uploads\/2026\/01\/Precision-Profile-Grinding.jpg\" alt=\"\" class=\"wp-image-2134\" srcset=\"https:\/\/hephaprecision.com\/wp-content\/uploads\/2026\/01\/Precision-Profile-Grinding.jpg 1000w, https:\/\/hephaprecision.com\/wp-content\/uploads\/2026\/01\/Precision-Profile-Grinding-300x225.jpg 300w, https:\/\/hephaprecision.com\/wp-content\/uploads\/2026\/01\/Precision-Profile-Grinding-768x576.jpg 768w\" sizes=\"auto, (max-width: 1000px) 100vw, 1000px\" \/><\/figure>\n\n\n\n<figure class=\"wp-block-image size-large\"><img loading=\"lazy\" decoding=\"async\" width=\"1024\" height=\"668\" data-id=\"2135\" src=\"https:\/\/hephaprecision.com\/wp-content\/uploads\/2026\/01\/Precision-Profile-Grinding-1024x668.png\" alt=\"\" class=\"wp-image-2135\" srcset=\"https:\/\/hephaprecision.com\/wp-content\/uploads\/2026\/01\/Precision-Profile-Grinding-1024x668.png 1024w, https:\/\/hephaprecision.com\/wp-content\/uploads\/2026\/01\/Precision-Profile-Grinding-300x196.png 300w, https:\/\/hephaprecision.com\/wp-content\/uploads\/2026\/01\/Precision-Profile-Grinding-768x501.png 768w, https:\/\/hephaprecision.com\/wp-content\/uploads\/2026\/01\/Precision-Profile-Grinding.png 1356w\" sizes=\"auto, (max-width: 1024px) 100vw, 1024px\" \/><\/figure>\n<\/figure>","protected":false},"excerpt":{"rendered":"<p>Parameter Typical Values \/ Notes Dimensional accuracy \u00b10.001 mm Surface roughness (Ra) 0.1 \u2013 0.2 \u03bcm typical Repeatability \u00b10.002 mm Minimum feature size 0.1 mm edge\/slot Maximum part size Up to 400 mm \u00d7 200 mm \u00d7 150 mm (depends on machine model) Max material hardness HRC 68 (tungsten carbide, tool steel) Key point: PG [&hellip;]<\/p>","protected":false},"author":1,"featured_media":2134,"parent":0,"menu_order":0,"comment_status":"closed","ping_status":"closed","template":"page-templates\/full-width.php","meta":{"_acf_changed":false,"_gspb_post_css":"#gspb_row-id-gsbp-6d35c4d{justify-content:space-between;margin-top:0;display:flex;flex-wrap:wrap;margin-bottom:0;padding-top:50px;padding-bottom:50px;background-color:#f7f7f7}#gspb_row-id-gsbp-6d35c4d>.gspb_row__content{display:flex;justify-content:space-between;margin:0 auto;width:100%;flex-wrap:wrap;max-width:1200px}.gspb_row{position:relative}div[id^=gspb_col-id]{box-sizing:border-box;position:relative;padding:var(--gs-row-column-padding, 15px min(3vw, 20px))}#gspb_col-id-gsbp-b6c2cee.gspb_row__col--6{width:50%}@media (max-width:575.98px){#gspb_col-id-gsbp-b6c2cee.gspb_row__col--6{width:100%}}#gspb_col-id-gsbp-24fe51a.gspb_row__col--6{width:50%}@media (max-width:575.98px){#gspb_col-id-gsbp-24fe51a.gspb_row__col--6{width:100%}}.gspb_row #gspb_col-id-gsbp-24fe51a.gspb_row__col--6{margin-top:50px}@media (max-width:575.98px){.gspb_row #gspb_col-id-gsbp-24fe51a.gspb_row__col--6{margin-top:0}}#gspb_heading-id-gsbp-a754ac9 .gspb_heading_subtitle,#gspb_subheading-id-gsbp-a754ac9{display:block;font-size:17px;line-height:22px;margin-top:5px;font-weight:400!important}#gspb_row-id-gsbp-5ed327f{justify-content:space-between;margin-top:0;display:flex;flex-wrap:wrap;margin-bottom:0;padding-top:50px;padding-bottom:50px}#gspb_row-id-gsbp-5ed327f>.gspb_row__content{display:flex;justify-content:space-between;margin:0 auto;width:100%;flex-wrap:wrap}body.gspb-bodyfront #gspb_row-id-gsbp-5ed327f>.gspb_row__content{width:var(--theme-container-width, 1200px);max-width:var(--theme-normal-container-max-width, 1200px)}#gspb_col-id-gsbp-cdccd75.gspb_row__col--6{width:50%}@media (max-width:575.98px){#gspb_col-id-gsbp-cdccd75.gspb_row__col--6{width:100%}}@media (min-width:992px){body.gspb-bodyfront #gspb_col-id-gsbp-cdccd75.gspb_row__col--6{width:calc(100% - 0px - 0px)}}@media (min-width:576px) and (max-width:991.98px){body.gspb-bodyfront #gspb_col-id-gsbp-cdccd75.gspb_row__col--6{width:calc(100% - 0px - 0px)}}#gspb_heading-id-gsbp-fa73a5c,#gspb_heading-id-gsbp-fa73a5c .gsap-g-line{text-align:center!important}#gspb_heading-id-gsbp-fa73a5c{margin-top:0;margin-bottom:0}.gspb_text-id-gsbp-b4a97c9,.gspb_text-id-gsbp-b4a97c9 .gsap-g-line{text-align:justify!important}.gspb_text-id-gsbp-b4a97c9{margin-top:10px!important;margin-bottom:0!important}#gspb_heading-id-gsbp-72ee566,#gspb_heading-id-gsbp-72ee566 .gsap-g-line{text-align:center!important}#gspb_heading-id-gsbp-72ee566{margin-top:0}#gspb_heading-id-gsbp-0669f83,#gspb_heading-id-gsbp-0669f83 .gsap-g-line,#gspb_heading-id-gsbp-07f0846,#gspb_heading-id-gsbp-07f0846 .gsap-g-line,#gspb_heading-id-gsbp-405af8c,#gspb_heading-id-gsbp-405af8c .gsap-g-line,#gspb_heading-id-gsbp-42c70de,#gspb_heading-id-gsbp-42c70de .gsap-g-line,#gspb_heading-id-gsbp-6ea7503,#gspb_heading-id-gsbp-6ea7503 .gsap-g-line{text-align:center!important}","footnotes":""},"class_list":["post-1892","page","type-page","status-publish","has-post-thumbnail","hentry"],"blocksy_meta":[],"yoast_head":"<!-- This site is optimized with the Yoast SEO plugin v27.0 - https:\/\/yoast.com\/product\/yoast-seo-wordpress\/ -->\n<title>Precision Profile Grinding (PG) Services<\/title>\n<meta name=\"description\" content=\"Outsource high-precision Profile Grinding (PG) for mold punches, die inserts, R-angle cutters, and micro metal parts.\" \/>\n<meta name=\"robots\" content=\"index, follow, max-snippet:-1, max-image-preview:large, max-video-preview:-1\" \/>\n<link rel=\"canonical\" href=\"https:\/\/hephaprecision.com\/es\/precision-profile-grinding\/\" \/>\n<meta property=\"og:locale\" content=\"es_ES\" \/>\n<meta property=\"og:type\" content=\"article\" \/>\n<meta property=\"og:title\" content=\"Precision Profile Grinding (PG) Services\" \/>\n<meta property=\"og:description\" content=\"Outsource high-precision Profile Grinding (PG) for mold punches, die inserts, R-angle cutters, and micro metal parts.\" \/>\n<meta property=\"og:url\" content=\"https:\/\/hephaprecision.com\/es\/precision-profile-grinding\/\" \/>\n<meta property=\"og:site_name\" content=\"Hepha\" \/>\n<meta property=\"article:publisher\" content=\"https:\/\/www.facebook.com\/profile.php?id=61585797142861\" \/>\n<meta property=\"article:modified_time\" content=\"2026-01-09T06:19:50+00:00\" \/>\n<meta property=\"og:image\" content=\"https:\/\/hephaprecision.com\/wp-content\/uploads\/2026\/01\/Precision-Profile-Grinding.jpg\" \/>\n\t<meta property=\"og:image:width\" content=\"1000\" \/>\n\t<meta property=\"og:image:height\" content=\"750\" \/>\n\t<meta property=\"og:image:type\" content=\"image\/jpeg\" \/>\n<meta name=\"twitter:card\" content=\"summary_large_image\" \/>\n<meta name=\"twitter:label1\" content=\"Tiempo de lectura\" \/>\n\t<meta name=\"twitter:data1\" content=\"3 minutos\" \/>\n<script type=\"application\/ld+json\" class=\"yoast-schema-graph\">{\"@context\":\"https:\/\/schema.org\",\"@graph\":[{\"@type\":\"WebPage\",\"@id\":\"https:\/\/hephaprecision.com\/precision-profile-grinding\/\",\"url\":\"https:\/\/hephaprecision.com\/precision-profile-grinding\/\",\"name\":\"Precision Profile Grinding (PG) Services\",\"isPartOf\":{\"@id\":\"https:\/\/hephaprecision.com\/#website\"},\"primaryImageOfPage\":{\"@id\":\"https:\/\/hephaprecision.com\/precision-profile-grinding\/#primaryimage\"},\"image\":{\"@id\":\"https:\/\/hephaprecision.com\/precision-profile-grinding\/#primaryimage\"},\"thumbnailUrl\":\"https:\/\/hephaprecision.com\/wp-content\/uploads\/2026\/01\/Precision-Profile-Grinding.jpg\",\"datePublished\":\"2026-01-03T13:21:31+00:00\",\"dateModified\":\"2026-01-09T06:19:50+00:00\",\"description\":\"Outsource high-precision Profile Grinding (PG) for mold punches, die inserts, R-angle cutters, and micro metal parts.\",\"breadcrumb\":{\"@id\":\"https:\/\/hephaprecision.com\/precision-profile-grinding\/#breadcrumb\"},\"inLanguage\":\"es\",\"potentialAction\":[{\"@type\":\"ReadAction\",\"target\":[\"https:\/\/hephaprecision.com\/precision-profile-grinding\/\"]}]},{\"@type\":\"ImageObject\",\"inLanguage\":\"es\",\"@id\":\"https:\/\/hephaprecision.com\/precision-profile-grinding\/#primaryimage\",\"url\":\"https:\/\/hephaprecision.com\/wp-content\/uploads\/2026\/01\/Precision-Profile-Grinding.jpg\",\"contentUrl\":\"https:\/\/hephaprecision.com\/wp-content\/uploads\/2026\/01\/Precision-Profile-Grinding.jpg\",\"width\":1000,\"height\":750},{\"@type\":\"BreadcrumbList\",\"@id\":\"https:\/\/hephaprecision.com\/precision-profile-grinding\/#breadcrumb\",\"itemListElement\":[{\"@type\":\"ListItem\",\"position\":1,\"name\":\"\u9996\u9875\",\"item\":\"https:\/\/hephaprecision.com\/\"},{\"@type\":\"ListItem\",\"position\":2,\"name\":\"technology\"}]},{\"@type\":\"WebSite\",\"@id\":\"https:\/\/hephaprecision.com\/#website\",\"url\":\"https:\/\/hephaprecision.com\/\",\"name\":\"Hepha\",\"description\":\"\",\"publisher\":{\"@id\":\"https:\/\/hephaprecision.com\/#organization\"},\"potentialAction\":[{\"@type\":\"SearchAction\",\"target\":{\"@type\":\"EntryPoint\",\"urlTemplate\":\"https:\/\/hephaprecision.com\/?s={search_term_string}\"},\"query-input\":{\"@type\":\"PropertyValueSpecification\",\"valueRequired\":true,\"valueName\":\"search_term_string\"}}],\"inLanguage\":\"es\"},{\"@type\":\"Organization\",\"@id\":\"https:\/\/hephaprecision.com\/#organization\",\"name\":\"Hepha\",\"url\":\"https:\/\/hephaprecision.com\/\",\"logo\":{\"@type\":\"ImageObject\",\"inLanguage\":\"es\",\"@id\":\"https:\/\/hephaprecision.com\/#\/schema\/logo\/image\/\",\"url\":\"https:\/\/hephaprecision.com\/wp-content\/uploads\/2025\/12\/hepha.png\",\"contentUrl\":\"https:\/\/hephaprecision.com\/wp-content\/uploads\/2025\/12\/hepha.png\",\"width\":300,\"height\":120,\"caption\":\"Hepha\"},\"image\":{\"@id\":\"https:\/\/hephaprecision.com\/#\/schema\/logo\/image\/\"},\"sameAs\":[\"https:\/\/www.facebook.com\/profile.php?id=61585797142861\"]}]}<\/script>\n<!-- \/ Yoast SEO plugin. -->","yoast_head_json":{"title":"Servicios de rectificado de perfiles de precisi\u00f3n (PG)","description":"Subcontrate el rectificado de perfiles (PG) de alta precisi\u00f3n para punzones de moldes, insertos de matrices, cortadores de \u00e1ngulo R y micropiezas met\u00e1licas.","robots":{"index":"index","follow":"follow","max-snippet":"max-snippet:-1","max-image-preview":"max-image-preview:large","max-video-preview":"max-video-preview:-1"},"canonical":"https:\/\/hephaprecision.com\/es\/precision-profile-grinding\/","og_locale":"es_ES","og_type":"article","og_title":"Precision Profile Grinding (PG) Services","og_description":"Outsource high-precision Profile Grinding (PG) for mold punches, die inserts, R-angle cutters, and micro metal parts.","og_url":"https:\/\/hephaprecision.com\/es\/precision-profile-grinding\/","og_site_name":"Hepha","article_publisher":"https:\/\/www.facebook.com\/profile.php?id=61585797142861","article_modified_time":"2026-01-09T06:19:50+00:00","og_image":[{"width":1000,"height":750,"url":"https:\/\/hephaprecision.com\/wp-content\/uploads\/2026\/01\/Precision-Profile-Grinding.jpg","type":"image\/jpeg"}],"twitter_card":"summary_large_image","twitter_misc":{"Tiempo de lectura":"3 minutos"},"schema":{"@context":"https:\/\/schema.org","@graph":[{"@type":"WebPage","@id":"https:\/\/hephaprecision.com\/precision-profile-grinding\/","url":"https:\/\/hephaprecision.com\/precision-profile-grinding\/","name":"Servicios de rectificado de perfiles de precisi\u00f3n (PG)","isPartOf":{"@id":"https:\/\/hephaprecision.com\/#website"},"primaryImageOfPage":{"@id":"https:\/\/hephaprecision.com\/precision-profile-grinding\/#primaryimage"},"image":{"@id":"https:\/\/hephaprecision.com\/precision-profile-grinding\/#primaryimage"},"thumbnailUrl":"https:\/\/hephaprecision.com\/wp-content\/uploads\/2026\/01\/Precision-Profile-Grinding.jpg","datePublished":"2026-01-03T13:21:31+00:00","dateModified":"2026-01-09T06:19:50+00:00","description":"Subcontrate el rectificado de perfiles (PG) de alta precisi\u00f3n para punzones de moldes, insertos de matrices, cortadores de \u00e1ngulo R y micropiezas met\u00e1licas.","breadcrumb":{"@id":"https:\/\/hephaprecision.com\/precision-profile-grinding\/#breadcrumb"},"inLanguage":"es","potentialAction":[{"@type":"ReadAction","target":["https:\/\/hephaprecision.com\/precision-profile-grinding\/"]}]},{"@type":"ImageObject","inLanguage":"es","@id":"https:\/\/hephaprecision.com\/precision-profile-grinding\/#primaryimage","url":"https:\/\/hephaprecision.com\/wp-content\/uploads\/2026\/01\/Precision-Profile-Grinding.jpg","contentUrl":"https:\/\/hephaprecision.com\/wp-content\/uploads\/2026\/01\/Precision-Profile-Grinding.jpg","width":1000,"height":750},{"@type":"BreadcrumbList","@id":"https:\/\/hephaprecision.com\/precision-profile-grinding\/#breadcrumb","itemListElement":[{"@type":"ListItem","position":1,"name":"\u9996\u9875","item":"https:\/\/hephaprecision.com\/"},{"@type":"ListItem","position":2,"name":"technology"}]},{"@type":"WebSite","@id":"https:\/\/hephaprecision.com\/#website","url":"https:\/\/hephaprecision.com\/","name":"Hepha","description":"","publisher":{"@id":"https:\/\/hephaprecision.com\/#organization"},"potentialAction":[{"@type":"SearchAction","target":{"@type":"EntryPoint","urlTemplate":"https:\/\/hephaprecision.com\/?s={search_term_string}"},"query-input":{"@type":"PropertyValueSpecification","valueRequired":true,"valueName":"search_term_string"}}],"inLanguage":"es"},{"@type":"Organization","@id":"https:\/\/hephaprecision.com\/#organization","name":"Hepha","url":"https:\/\/hephaprecision.com\/","logo":{"@type":"ImageObject","inLanguage":"es","@id":"https:\/\/hephaprecision.com\/#\/schema\/logo\/image\/","url":"https:\/\/hephaprecision.com\/wp-content\/uploads\/2025\/12\/hepha.png","contentUrl":"https:\/\/hephaprecision.com\/wp-content\/uploads\/2025\/12\/hepha.png","width":300,"height":120,"caption":"Hepha"},"image":{"@id":"https:\/\/hephaprecision.com\/#\/schema\/logo\/image\/"},"sameAs":["https:\/\/www.facebook.com\/profile.php?id=61585797142861"]}]}},"acf":[],"_hostinger_reach_plugin_has_subscription_block":false,"_hostinger_reach_plugin_is_elementor":false,"_links":{"self":[{"href":"https:\/\/hephaprecision.com\/es\/wp-json\/wp\/v2\/pages\/1892","targetHints":{"allow":["GET"]}}],"collection":[{"href":"https:\/\/hephaprecision.com\/es\/wp-json\/wp\/v2\/pages"}],"about":[{"href":"https:\/\/hephaprecision.com\/es\/wp-json\/wp\/v2\/types\/page"}],"author":[{"embeddable":true,"href":"https:\/\/hephaprecision.com\/es\/wp-json\/wp\/v2\/users\/1"}],"replies":[{"embeddable":true,"href":"https:\/\/hephaprecision.com\/es\/wp-json\/wp\/v2\/comments?post=1892"}],"version-history":[{"count":15,"href":"https:\/\/hephaprecision.com\/es\/wp-json\/wp\/v2\/pages\/1892\/revisions"}],"predecessor-version":[{"id":2137,"href":"https:\/\/hephaprecision.com\/es\/wp-json\/wp\/v2\/pages\/1892\/revisions\/2137"}],"wp:featuredmedia":[{"embeddable":true,"href":"https:\/\/hephaprecision.com\/es\/wp-json\/wp\/v2\/media\/2134"}],"wp:attachment":[{"href":"https:\/\/hephaprecision.com\/es\/wp-json\/wp\/v2\/media?parent=1892"}],"curies":[{"name":"wp","href":"https:\/\/api.w.org\/{rel}","templated":true}]}}