{"id":1892,"date":"2026-01-03T13:21:31","date_gmt":"2026-01-03T13:21:31","guid":{"rendered":"https:\/\/hephaprecision.com\/?page_id=1892"},"modified":"2026-01-09T06:19:50","modified_gmt":"2026-01-09T06:19:50","slug":"precision-profile-grinding","status":"publish","type":"page","link":"https:\/\/hephaprecision.com\/fr\/precision-profile-grinding\/","title":{"rendered":"technologie"},"content":{"rendered":"<div class=\"wp-block-greenshift-blocks-row alignwide gspb_row gspb_row-id-gsbp-6d35c4d\" id=\"gspb_row-id-gsbp-6d35c4d\"><div class=\"gspb_row__content\"> \n<div class=\"wp-block-greenshift-blocks-row-column gspb_row__col--6 gspb_col-id-gsbp-b6c2cee\" id=\"gspb_col-id-gsbp-b6c2cee\">\n<figure class=\"wp-block-embed is-type-video is-provider-youtube wp-block-embed-youtube wp-embed-aspect-16-9 wp-has-aspect-ratio\"><div class=\"wp-block-embed__wrapper\">\n<iframe loading=\"lazy\" title=\"Qu&#039;est-ce que la rectification de profil dans la fabrication d&#039;outils et de moules ? | L&#039;outillage de pr\u00e9cision expliqu\u00e9\" width=\"1290\" height=\"726\" src=\"https:\/\/www.youtube.com\/embed\/rXSZzPycK1Q?feature=oembed\" frameborder=\"0\" allow=\"accelerometer; autoplay; clipboard-write; encrypted-media; gyroscope; picture-in-picture; web-share\" referrerpolicy=\"strict-origin-when-cross-origin\" allowfullscreen><\/iframe>\n<\/div><\/figure>\n<\/div>\n\n\n\n<div class=\"wp-block-greenshift-blocks-row-column gspb_row__col--6 gspb_col-id-gsbp-24fe51a\" id=\"gspb_col-id-gsbp-24fe51a\">\n<h2 id=\"gspb_heading-id-gsbp-a754ac9\" class=\"gspb_heading gspb_heading-id-gsbp-a754ac9\">Rectification de profil de pr\u00e9cision (PG) - Waida High-Precision Solutions<span class=\"gspb_heading_subtitle\"><strong>Meulage de profil (PG)<\/strong> permet un usinage de haute pr\u00e9cision des contours et des profils, l\u00e0 o\u00f9 la fonction de la pi\u00e8ce d\u00e9pend de la qualit\u00e9 de l'usinage. <strong>la pr\u00e9cision de la forme plut\u00f4t que la taille seule<\/strong>. Nos machines Waida PG permettent <strong>pr\u00e9cision reproductible, d\u00e9formation minimale et qualit\u00e9 de surface sup\u00e9rieure<\/strong>.<br><\/span><\/h2>\n<\/div>\n <\/div><\/div>\n\n\n\n<div class=\"wp-block-greenshift-blocks-row gspb_row gspb_row-id-gsbp-5ed327f\" id=\"gspb_row-id-gsbp-5ed327f\"><div class=\"gspb_row__content\"> \n<div class=\"wp-block-greenshift-blocks-row-column gspb_row__col--6 gspb_col-id-gsbp-cdccd75\" id=\"gspb_col-id-gsbp-cdccd75\">\n<h3 id=\"gspb_heading-id-gsbp-fa73a5c\" class=\"gspb_heading gspb_heading-id-gsbp-fa73a5c\">Aper\u00e7u du processus<\/h3>\n\n\n\n<div id=\"gspb_text-id-gsbp-b4a97c9\" class=\"gspb_text gspb_text-id-gsbp-b4a97c9 gs_style_skeuomorphism\"><strong>Meulage de profil<\/strong> est un <strong>processus de broyage bas\u00e9 sur la forme<\/strong>:<br><strong>Dressage des roues :<\/strong> Le pansement diamant cr\u00e9e une r\u00e9plique n\u00e9gative du contour cible.<br><strong>Meulage \u00e0 commande num\u00e9rique :<\/strong> La roue suit des trajectoires pr\u00e9cises avec un contr\u00f4le de l'avance au micron pr\u00e8s.<br><strong>Profil Compensation :<\/strong> Les syst\u00e8mes optiques et CNC permettent un alignement et une correction en temps r\u00e9el.<br><strong>R\u00e9sultat :<\/strong> Pr\u00e9cision des contours en un seul passage sans erreur d'accumulation en plusieurs \u00e9tapes.<\/div>\n<style>.gs_style_skeuomorphism{background:#f5f5fa;border:0;border-radius:8px;box-shadow:-10px -10px 30px 0 #fff,10px 10px 30px 0 #1d0dca17;box-sizing:border-box;cursor:pointer;position:relative;transition:var(--gs-root-transition, all .5s ease-in-out);}.gs_style_skeuomorphism:hover{background:#f8f8ff;box-shadow:-15px -15px 30px 0 #fff,15px 15px 30px 0 #1d0dca17}<\/style><\/div>\n <\/div><\/div>\n\n\n\n<h3 id=\"gspb_heading-id-gsbp-72ee566\" class=\"gspb_heading gspb_heading-id-gsbp-72ee566\">Capacit\u00e9s techniques<\/h3>\n\n\n\n<figure class=\"wp-block-table\"><table class=\"has-fixed-layout\"><thead><tr><th>Param\u00e8tres<\/th><th>Valeurs typiques \/ Notes<\/th><\/tr><\/thead><tbody><tr><td>Pr\u00e9cision dimensionnelle<\/td><td>\u00b10,001 mm<\/td><\/tr><tr><td>Rugosit\u00e9 de la surface (Ra)<\/td><td>0,1 - 0,2 \u03bcm typique<\/td><\/tr><tr><td>R\u00e9p\u00e9tabilit\u00e9<\/td><td>\u00b10,002 mm<\/td><\/tr><tr><td>Taille minimale de l'\u00e9l\u00e9ment<\/td><td>0,1 mm bord\/fente<\/td><\/tr><tr><td>Taille maximale des pi\u00e8ces<\/td><td>Jusqu'\u00e0 400 mm \u00d7 200 mm \u00d7 150 mm (selon le mod\u00e8le de la machine)<\/td><\/tr><tr><td>Duret\u00e9 maximale du mat\u00e9riau<\/td><td>HRC 68 (carbure de tungst\u00e8ne, acier \u00e0 outils)<\/td><\/tr><\/tbody><\/table><\/figure>\n\n\n\n<p><strong>Point cl\u00e9 :<\/strong> PG excelle dans <strong>les pi\u00e8ces petites, d\u00e9licates ou \u00e0 parois minces<\/strong> sans d\u00e9formation.<\/p>\n\n\n\n<h3 id=\"gspb_heading-id-gsbp-0669f83\" class=\"gspb_heading gspb_heading-id-gsbp-0669f83\">Mat\u00e9riaux compatibles<\/h3>\n\n\n\n<ul class=\"wp-block-list\">\n<li>Carbure de tungst\u00e8ne et alliages durs<\/li>\n\n\n\n<li>Acier rapide (HSS)<\/li>\n\n\n\n<li>Aciers \u00e0 outils (SKD11, DC53)<\/li>\n\n\n\n<li>Aciers inoxydables (s\u00e9rie SUS)<\/li>\n\n\n\n<li>Alliages de cuivre et b\u00e9ryllium-cuivre<\/li>\n\n\n\n<li>Composants trait\u00e9s thermiquement<\/li>\n<\/ul>\n\n\n\n<p><strong>Note technique :<\/strong> PG peut traiter des composants de moules post-trait\u00e9s et des plaquettes \u00e0 duret\u00e9 \u00e9lev\u00e9e avec un contr\u00f4le des contours au niveau du micron.<\/p>\n\n\n\n<h3 id=\"gspb_heading-id-gsbp-6ea7503\" class=\"gspb_heading gspb_heading-id-gsbp-6ea7503\">Applications typiques - ax\u00e9es sur les donn\u00e9es<\/h3>\n\n\n\n<figure class=\"wp-block-table\"><table class=\"has-fixed-layout\"><thead><tr><th>Application<\/th><th>Exemples de pi\u00e8ces<\/th><th>Caract\u00e9ristiques principales<\/th><\/tr><\/thead><tbody><tr><td>Composants de moules et d'outils<\/td><td>Poin\u00e7ons, inserts de matrice, noyaux, curseurs<\/td><td>Angles R, ar\u00eates, profils critiques<\/td><\/tr><tr><td>Outils de coupe de pr\u00e9cision<\/td><td>Fraises de formage, fraises \u00e0 angle R, outils de chanfreinage<\/td><td>Pr\u00e9cision des contours \u00b10,001 mm<\/td><\/tr><tr><td>Composants de mouvement m\u00e9canique<\/td><td>Profils Cam, followers<\/td><td>Le profil d\u00e9finit la pr\u00e9cision du mouvement<\/td><\/tr><tr><td>\u00c9lectronique et connecteurs<\/td><td>Bornes, ressorts de contact<\/td><td>Petites caract\u00e9ristiques, haute r\u00e9p\u00e9tabilit\u00e9<\/td><\/tr><tr><td>Jauges et accessoires<\/td><td>Jauges de profil, blocs de r\u00e9f\u00e9rence<\/td><td>Coh\u00e9rence dimensionnelle, faible d\u00e9formation<\/td><\/tr><tr><td>Instruments m\u00e9dicaux \/ de pr\u00e9cision<\/td><td>Instruments chirurgicaux, bords de micro-coupe<\/td><td>Pr\u00e9cision des bords, profils complexes<\/td><\/tr><\/tbody><\/table><\/figure>\n\n\n\n<p><strong>Aper\u00e7u de l'ing\u00e9nierie :<\/strong> Pour les parties o\u00f9 <strong>profil = fonction<\/strong>, PG garantit l'int\u00e9grit\u00e9 fonctionnelle.<\/p>\n\n\n\n<h3 id=\"gspb_heading-id-gsbp-405af8c\" class=\"gspb_heading gspb_heading-id-gsbp-405af8c\">Avantages par rapport aux autres m\u00e9thodes<\/h3>\n\n\n\n<figure class=\"wp-block-table\"><table class=\"has-fixed-layout\"><thead><tr><th>Fonctionnalit\u00e9<\/th><th>PG<\/th><th>CNC \/ EDM<\/th><\/tr><\/thead><tbody><tr><td>Pr\u00e9cision des contours<\/td><td>\u00b10,001 mm<\/td><td>\u00b10,01 mm typique<\/td><\/tr><tr><td>Finition de la surface<\/td><td>Ra 0,1-0,2 \u03bcm<\/td><td>Ra 0,4-0,8 \u03bcm<\/td><\/tr><tr><td>Coh\u00e9rence des bords<\/td><td>Haut<\/td><td>Mod\u00e9r\u00e9<\/td><\/tr><tr><td>Flexibilit\u00e9 des mat\u00e9riaux<\/td><td>Aciers durs, carbures<\/td><td>Aciers durs, carbures limit\u00e9s<\/td><\/tr><tr><td>Accumulation en plusieurs \u00e9tapes<\/td><td>Minime<\/td><td>Plus \u00e9lev\u00e9, n\u00e9cessite une finition secondaire<\/td><\/tr><\/tbody><\/table><\/figure>\n\n\n\n<h3 id=\"gspb_heading-id-gsbp-42c70de\" class=\"gspb_heading gspb_heading-id-gsbp-42c70de\">Quand envisager l'externalisation de la PG<\/h3>\n\n\n\n<ul class=\"wp-block-list\">\n<li>Critique <strong>les courbes, les ar\u00eates ou les profils<\/strong><\/li>\n\n\n\n<li>Pi\u00e8ces petites, fines ou d\u00e9licates<\/li>\n\n\n\n<li>Pi\u00e8ces n\u00e9cessitant <strong>haute r\u00e9p\u00e9tabilit\u00e9 fonctionnelle<\/strong><\/li>\n\n\n\n<li>Faible volume, haute pr\u00e9cision ou formes personnalis\u00e9es<\/li>\n<\/ul>\n\n\n\n<p><strong>R\u00e8gle de d\u00e9cision :<\/strong> Si les performances de votre pi\u00e8ce d\u00e9pendent du contour, le PG est souvent la solution la plus appropri\u00e9e. <strong>seule solution pratique<\/strong>.<\/p>\n\n\n\n<h3 id=\"gspb_heading-id-gsbp-07f0846\" class=\"gspb_heading gspb_heading-id-gsbp-07f0846\">Soutien et collaboration en mati\u00e8re d'ing\u00e9nierie<\/h3>\n\n\n\n<p>Nous fournissons :<\/p>\n\n\n\n<ul class=\"wp-block-list\">\n<li><strong>Analyse de faisabilit\u00e9 :<\/strong> D\u00e9terminer si le PG est adapt\u00e9<\/li>\n\n\n\n<li><strong>Optimisation du profil :<\/strong> Proposer des modifications pour la fabrication<\/li>\n\n\n\n<li><strong>\u00c9valuation de la pr\u00e9cision et du risque :<\/strong> Pr\u00e9voir les tol\u00e9rances, les d\u00e9formations et la r\u00e9p\u00e9tabilit\u00e9<\/li>\n\n\n\n<li><strong>Orientations sur les m\u00e9thodes alternatives :<\/strong> \u00c9viter les essais et erreurs co\u00fbteux<\/li>\n<\/ul>\n\n\n\n<p><strong>CTA :<\/strong> Faites-nous part de vos fichiers CAO ou de vos dessins techniques et nous vous fournirons une <strong>rapport de faisabilit\u00e9 d\u00e9taill\u00e9 du PG avec les tol\u00e9rances pr\u00e9vues et la finition de surface r\u00e9alisable<\/strong>.<\/p>\n\n\n\n<figure class=\"wp-block-gallery has-nested-images columns-default is-cropped wp-block-gallery-1 is-layout-flex wp-block-gallery-is-layout-flex\">\n<figure class=\"wp-block-image size-large\"><img loading=\"lazy\" decoding=\"async\" width=\"1000\" height=\"750\" data-id=\"2134\" src=\"https:\/\/hephaprecision.com\/wp-content\/uploads\/2026\/01\/Precision-Profile-Grinding.jpg\" alt=\"\" class=\"wp-image-2134\" srcset=\"https:\/\/hephaprecision.com\/wp-content\/uploads\/2026\/01\/Precision-Profile-Grinding.jpg 1000w, https:\/\/hephaprecision.com\/wp-content\/uploads\/2026\/01\/Precision-Profile-Grinding-300x225.jpg 300w, https:\/\/hephaprecision.com\/wp-content\/uploads\/2026\/01\/Precision-Profile-Grinding-768x576.jpg 768w\" sizes=\"auto, (max-width: 1000px) 100vw, 1000px\" \/><\/figure>\n\n\n\n<figure class=\"wp-block-image size-large\"><img loading=\"lazy\" decoding=\"async\" width=\"1024\" height=\"668\" data-id=\"2135\" src=\"https:\/\/hephaprecision.com\/wp-content\/uploads\/2026\/01\/Precision-Profile-Grinding-1024x668.png\" alt=\"\" class=\"wp-image-2135\" srcset=\"https:\/\/hephaprecision.com\/wp-content\/uploads\/2026\/01\/Precision-Profile-Grinding-1024x668.png 1024w, https:\/\/hephaprecision.com\/wp-content\/uploads\/2026\/01\/Precision-Profile-Grinding-300x196.png 300w, https:\/\/hephaprecision.com\/wp-content\/uploads\/2026\/01\/Precision-Profile-Grinding-768x501.png 768w, https:\/\/hephaprecision.com\/wp-content\/uploads\/2026\/01\/Precision-Profile-Grinding.png 1356w\" sizes=\"auto, (max-width: 1024px) 100vw, 1024px\" \/><\/figure>\n<\/figure>","protected":false},"excerpt":{"rendered":"<p>Parameter Typical Values \/ Notes Dimensional accuracy \u00b10.001 mm Surface roughness (Ra) 0.1 \u2013 0.2 \u03bcm typical Repeatability \u00b10.002 mm Minimum feature size 0.1 mm edge\/slot Maximum part size Up to 400 mm \u00d7 200 mm \u00d7 150 mm (depends on machine model) Max material hardness HRC 68 (tungsten carbide, tool steel) Key point: PG [&hellip;]<\/p>","protected":false},"author":1,"featured_media":2134,"parent":0,"menu_order":0,"comment_status":"closed","ping_status":"closed","template":"page-templates\/full-width.php","meta":{"_acf_changed":false,"_gspb_post_css":"#gspb_row-id-gsbp-6d35c4d{justify-content:space-between;margin-top:0;display:flex;flex-wrap:wrap;margin-bottom:0;padding-top:50px;padding-bottom:50px;background-color:#f7f7f7}#gspb_row-id-gsbp-6d35c4d>.gspb_row__content{display:flex;justify-content:space-between;margin:0 auto;width:100%;flex-wrap:wrap;max-width:1200px}.gspb_row{position:relative}div[id^=gspb_col-id]{box-sizing:border-box;position:relative;padding:var(--gs-row-column-padding, 15px min(3vw, 20px))}#gspb_col-id-gsbp-b6c2cee.gspb_row__col--6{width:50%}@media (max-width:575.98px){#gspb_col-id-gsbp-b6c2cee.gspb_row__col--6{width:100%}}#gspb_col-id-gsbp-24fe51a.gspb_row__col--6{width:50%}@media (max-width:575.98px){#gspb_col-id-gsbp-24fe51a.gspb_row__col--6{width:100%}}.gspb_row #gspb_col-id-gsbp-24fe51a.gspb_row__col--6{margin-top:50px}@media (max-width:575.98px){.gspb_row #gspb_col-id-gsbp-24fe51a.gspb_row__col--6{margin-top:0}}#gspb_heading-id-gsbp-a754ac9 .gspb_heading_subtitle,#gspb_subheading-id-gsbp-a754ac9{display:block;font-size:17px;line-height:22px;margin-top:5px;font-weight:400!important}#gspb_row-id-gsbp-5ed327f{justify-content:space-between;margin-top:0;display:flex;flex-wrap:wrap;margin-bottom:0;padding-top:50px;padding-bottom:50px}#gspb_row-id-gsbp-5ed327f>.gspb_row__content{display:flex;justify-content:space-between;margin:0 auto;width:100%;flex-wrap:wrap}body.gspb-bodyfront #gspb_row-id-gsbp-5ed327f>.gspb_row__content{width:var(--theme-container-width, 1200px);max-width:var(--theme-normal-container-max-width, 1200px)}#gspb_col-id-gsbp-cdccd75.gspb_row__col--6{width:50%}@media (max-width:575.98px){#gspb_col-id-gsbp-cdccd75.gspb_row__col--6{width:100%}}@media (min-width:992px){body.gspb-bodyfront #gspb_col-id-gsbp-cdccd75.gspb_row__col--6{width:calc(100% - 0px - 0px)}}@media (min-width:576px) and (max-width:991.98px){body.gspb-bodyfront #gspb_col-id-gsbp-cdccd75.gspb_row__col--6{width:calc(100% - 0px - 0px)}}#gspb_heading-id-gsbp-fa73a5c,#gspb_heading-id-gsbp-fa73a5c .gsap-g-line{text-align:center!important}#gspb_heading-id-gsbp-fa73a5c{margin-top:0;margin-bottom:0}.gspb_text-id-gsbp-b4a97c9,.gspb_text-id-gsbp-b4a97c9 .gsap-g-line{text-align:justify!important}.gspb_text-id-gsbp-b4a97c9{margin-top:10px!important;margin-bottom:0!important}#gspb_heading-id-gsbp-72ee566,#gspb_heading-id-gsbp-72ee566 .gsap-g-line{text-align:center!important}#gspb_heading-id-gsbp-72ee566{margin-top:0}#gspb_heading-id-gsbp-0669f83,#gspb_heading-id-gsbp-0669f83 .gsap-g-line,#gspb_heading-id-gsbp-07f0846,#gspb_heading-id-gsbp-07f0846 .gsap-g-line,#gspb_heading-id-gsbp-405af8c,#gspb_heading-id-gsbp-405af8c .gsap-g-line,#gspb_heading-id-gsbp-42c70de,#gspb_heading-id-gsbp-42c70de .gsap-g-line,#gspb_heading-id-gsbp-6ea7503,#gspb_heading-id-gsbp-6ea7503 .gsap-g-line{text-align:center!important}","footnotes":""},"class_list":["post-1892","page","type-page","status-publish","has-post-thumbnail","hentry"],"blocksy_meta":[],"yoast_head":"<!-- This site is optimized with the Yoast SEO plugin v27.0 - https:\/\/yoast.com\/product\/yoast-seo-wordpress\/ -->\n<title>Precision Profile Grinding (PG) Services<\/title>\n<meta name=\"description\" content=\"Outsource high-precision Profile Grinding (PG) for mold punches, die inserts, R-angle cutters, and micro metal parts.\" \/>\n<meta name=\"robots\" content=\"index, follow, max-snippet:-1, max-image-preview:large, max-video-preview:-1\" \/>\n<link rel=\"canonical\" href=\"https:\/\/hephaprecision.com\/fr\/precision-profile-grinding\/\" \/>\n<meta property=\"og:locale\" content=\"fr_FR\" \/>\n<meta property=\"og:type\" content=\"article\" \/>\n<meta property=\"og:title\" content=\"Precision Profile Grinding (PG) Services\" \/>\n<meta property=\"og:description\" content=\"Outsource high-precision Profile Grinding (PG) for mold punches, die inserts, R-angle cutters, and micro metal parts.\" \/>\n<meta property=\"og:url\" content=\"https:\/\/hephaprecision.com\/fr\/precision-profile-grinding\/\" \/>\n<meta property=\"og:site_name\" content=\"Hepha\" \/>\n<meta property=\"article:publisher\" content=\"https:\/\/www.facebook.com\/profile.php?id=61585797142861\" \/>\n<meta property=\"article:modified_time\" content=\"2026-01-09T06:19:50+00:00\" \/>\n<meta property=\"og:image\" content=\"https:\/\/hephaprecision.com\/wp-content\/uploads\/2026\/01\/Precision-Profile-Grinding.jpg\" \/>\n\t<meta property=\"og:image:width\" content=\"1000\" \/>\n\t<meta property=\"og:image:height\" content=\"750\" \/>\n\t<meta property=\"og:image:type\" content=\"image\/jpeg\" \/>\n<meta name=\"twitter:card\" content=\"summary_large_image\" \/>\n<meta name=\"twitter:label1\" content=\"Dur\u00e9e de lecture estim\u00e9e\" \/>\n\t<meta name=\"twitter:data1\" content=\"3 minutes\" \/>\n<script type=\"application\/ld+json\" class=\"yoast-schema-graph\">{\"@context\":\"https:\/\/schema.org\",\"@graph\":[{\"@type\":\"WebPage\",\"@id\":\"https:\/\/hephaprecision.com\/precision-profile-grinding\/\",\"url\":\"https:\/\/hephaprecision.com\/precision-profile-grinding\/\",\"name\":\"Precision Profile Grinding (PG) Services\",\"isPartOf\":{\"@id\":\"https:\/\/hephaprecision.com\/#website\"},\"primaryImageOfPage\":{\"@id\":\"https:\/\/hephaprecision.com\/precision-profile-grinding\/#primaryimage\"},\"image\":{\"@id\":\"https:\/\/hephaprecision.com\/precision-profile-grinding\/#primaryimage\"},\"thumbnailUrl\":\"https:\/\/hephaprecision.com\/wp-content\/uploads\/2026\/01\/Precision-Profile-Grinding.jpg\",\"datePublished\":\"2026-01-03T13:21:31+00:00\",\"dateModified\":\"2026-01-09T06:19:50+00:00\",\"description\":\"Outsource high-precision Profile Grinding (PG) for mold punches, die inserts, R-angle cutters, and micro metal parts.\",\"breadcrumb\":{\"@id\":\"https:\/\/hephaprecision.com\/precision-profile-grinding\/#breadcrumb\"},\"inLanguage\":\"fr-FR\",\"potentialAction\":[{\"@type\":\"ReadAction\",\"target\":[\"https:\/\/hephaprecision.com\/precision-profile-grinding\/\"]}]},{\"@type\":\"ImageObject\",\"inLanguage\":\"fr-FR\",\"@id\":\"https:\/\/hephaprecision.com\/precision-profile-grinding\/#primaryimage\",\"url\":\"https:\/\/hephaprecision.com\/wp-content\/uploads\/2026\/01\/Precision-Profile-Grinding.jpg\",\"contentUrl\":\"https:\/\/hephaprecision.com\/wp-content\/uploads\/2026\/01\/Precision-Profile-Grinding.jpg\",\"width\":1000,\"height\":750},{\"@type\":\"BreadcrumbList\",\"@id\":\"https:\/\/hephaprecision.com\/precision-profile-grinding\/#breadcrumb\",\"itemListElement\":[{\"@type\":\"ListItem\",\"position\":1,\"name\":\"\u9996\u9875\",\"item\":\"https:\/\/hephaprecision.com\/\"},{\"@type\":\"ListItem\",\"position\":2,\"name\":\"technology\"}]},{\"@type\":\"WebSite\",\"@id\":\"https:\/\/hephaprecision.com\/#website\",\"url\":\"https:\/\/hephaprecision.com\/\",\"name\":\"Hepha\",\"description\":\"\",\"publisher\":{\"@id\":\"https:\/\/hephaprecision.com\/#organization\"},\"potentialAction\":[{\"@type\":\"SearchAction\",\"target\":{\"@type\":\"EntryPoint\",\"urlTemplate\":\"https:\/\/hephaprecision.com\/?s={search_term_string}\"},\"query-input\":{\"@type\":\"PropertyValueSpecification\",\"valueRequired\":true,\"valueName\":\"search_term_string\"}}],\"inLanguage\":\"fr-FR\"},{\"@type\":\"Organization\",\"@id\":\"https:\/\/hephaprecision.com\/#organization\",\"name\":\"Hepha\",\"url\":\"https:\/\/hephaprecision.com\/\",\"logo\":{\"@type\":\"ImageObject\",\"inLanguage\":\"fr-FR\",\"@id\":\"https:\/\/hephaprecision.com\/#\/schema\/logo\/image\/\",\"url\":\"https:\/\/hephaprecision.com\/wp-content\/uploads\/2025\/12\/hepha.png\",\"contentUrl\":\"https:\/\/hephaprecision.com\/wp-content\/uploads\/2025\/12\/hepha.png\",\"width\":300,\"height\":120,\"caption\":\"Hepha\"},\"image\":{\"@id\":\"https:\/\/hephaprecision.com\/#\/schema\/logo\/image\/\"},\"sameAs\":[\"https:\/\/www.facebook.com\/profile.php?id=61585797142861\"]}]}<\/script>\n<!-- \/ Yoast SEO plugin. -->","yoast_head_json":{"title":"Services de rectification de profil de pr\u00e9cision (PG)","description":"Sous-traitez la rectification de profil (PG) de haute pr\u00e9cision pour les poin\u00e7ons de moules, les inserts de matrices, les fraises \u00e0 angle droit et les micro-pi\u00e8ces m\u00e9talliques.","robots":{"index":"index","follow":"follow","max-snippet":"max-snippet:-1","max-image-preview":"max-image-preview:large","max-video-preview":"max-video-preview:-1"},"canonical":"https:\/\/hephaprecision.com\/fr\/precision-profile-grinding\/","og_locale":"fr_FR","og_type":"article","og_title":"Precision Profile Grinding (PG) Services","og_description":"Outsource high-precision Profile Grinding (PG) for mold punches, die inserts, R-angle cutters, and micro metal parts.","og_url":"https:\/\/hephaprecision.com\/fr\/precision-profile-grinding\/","og_site_name":"Hepha","article_publisher":"https:\/\/www.facebook.com\/profile.php?id=61585797142861","article_modified_time":"2026-01-09T06:19:50+00:00","og_image":[{"width":1000,"height":750,"url":"https:\/\/hephaprecision.com\/wp-content\/uploads\/2026\/01\/Precision-Profile-Grinding.jpg","type":"image\/jpeg"}],"twitter_card":"summary_large_image","twitter_misc":{"Dur\u00e9e de lecture estim\u00e9e":"3 minutes"},"schema":{"@context":"https:\/\/schema.org","@graph":[{"@type":"WebPage","@id":"https:\/\/hephaprecision.com\/precision-profile-grinding\/","url":"https:\/\/hephaprecision.com\/precision-profile-grinding\/","name":"Services de rectification de profil de pr\u00e9cision (PG)","isPartOf":{"@id":"https:\/\/hephaprecision.com\/#website"},"primaryImageOfPage":{"@id":"https:\/\/hephaprecision.com\/precision-profile-grinding\/#primaryimage"},"image":{"@id":"https:\/\/hephaprecision.com\/precision-profile-grinding\/#primaryimage"},"thumbnailUrl":"https:\/\/hephaprecision.com\/wp-content\/uploads\/2026\/01\/Precision-Profile-Grinding.jpg","datePublished":"2026-01-03T13:21:31+00:00","dateModified":"2026-01-09T06:19:50+00:00","description":"Sous-traitez la rectification de profil (PG) de haute pr\u00e9cision pour les poin\u00e7ons de moules, les inserts de matrices, les fraises \u00e0 angle droit et les micro-pi\u00e8ces m\u00e9talliques.","breadcrumb":{"@id":"https:\/\/hephaprecision.com\/precision-profile-grinding\/#breadcrumb"},"inLanguage":"fr-FR","potentialAction":[{"@type":"ReadAction","target":["https:\/\/hephaprecision.com\/precision-profile-grinding\/"]}]},{"@type":"ImageObject","inLanguage":"fr-FR","@id":"https:\/\/hephaprecision.com\/precision-profile-grinding\/#primaryimage","url":"https:\/\/hephaprecision.com\/wp-content\/uploads\/2026\/01\/Precision-Profile-Grinding.jpg","contentUrl":"https:\/\/hephaprecision.com\/wp-content\/uploads\/2026\/01\/Precision-Profile-Grinding.jpg","width":1000,"height":750},{"@type":"BreadcrumbList","@id":"https:\/\/hephaprecision.com\/precision-profile-grinding\/#breadcrumb","itemListElement":[{"@type":"ListItem","position":1,"name":"\u9996\u9875","item":"https:\/\/hephaprecision.com\/"},{"@type":"ListItem","position":2,"name":"technology"}]},{"@type":"WebSite","@id":"https:\/\/hephaprecision.com\/#website","url":"https:\/\/hephaprecision.com\/","name":"Hepha","description":"","publisher":{"@id":"https:\/\/hephaprecision.com\/#organization"},"potentialAction":[{"@type":"SearchAction","target":{"@type":"EntryPoint","urlTemplate":"https:\/\/hephaprecision.com\/?s={search_term_string}"},"query-input":{"@type":"PropertyValueSpecification","valueRequired":true,"valueName":"search_term_string"}}],"inLanguage":"fr-FR"},{"@type":"Organization","@id":"https:\/\/hephaprecision.com\/#organization","name":"Hepha","url":"https:\/\/hephaprecision.com\/","logo":{"@type":"ImageObject","inLanguage":"fr-FR","@id":"https:\/\/hephaprecision.com\/#\/schema\/logo\/image\/","url":"https:\/\/hephaprecision.com\/wp-content\/uploads\/2025\/12\/hepha.png","contentUrl":"https:\/\/hephaprecision.com\/wp-content\/uploads\/2025\/12\/hepha.png","width":300,"height":120,"caption":"Hepha"},"image":{"@id":"https:\/\/hephaprecision.com\/#\/schema\/logo\/image\/"},"sameAs":["https:\/\/www.facebook.com\/profile.php?id=61585797142861"]}]}},"acf":[],"_hostinger_reach_plugin_has_subscription_block":false,"_hostinger_reach_plugin_is_elementor":false,"_links":{"self":[{"href":"https:\/\/hephaprecision.com\/fr\/wp-json\/wp\/v2\/pages\/1892","targetHints":{"allow":["GET"]}}],"collection":[{"href":"https:\/\/hephaprecision.com\/fr\/wp-json\/wp\/v2\/pages"}],"about":[{"href":"https:\/\/hephaprecision.com\/fr\/wp-json\/wp\/v2\/types\/page"}],"author":[{"embeddable":true,"href":"https:\/\/hephaprecision.com\/fr\/wp-json\/wp\/v2\/users\/1"}],"replies":[{"embeddable":true,"href":"https:\/\/hephaprecision.com\/fr\/wp-json\/wp\/v2\/comments?post=1892"}],"version-history":[{"count":15,"href":"https:\/\/hephaprecision.com\/fr\/wp-json\/wp\/v2\/pages\/1892\/revisions"}],"predecessor-version":[{"id":2137,"href":"https:\/\/hephaprecision.com\/fr\/wp-json\/wp\/v2\/pages\/1892\/revisions\/2137"}],"wp:featuredmedia":[{"embeddable":true,"href":"https:\/\/hephaprecision.com\/fr\/wp-json\/wp\/v2\/media\/2134"}],"wp:attachment":[{"href":"https:\/\/hephaprecision.com\/fr\/wp-json\/wp\/v2\/media?parent=1892"}],"curies":[{"name":"wp","href":"https:\/\/api.w.org\/{rel}","templated":true}]}}