{"id":1892,"date":"2026-01-03T13:21:31","date_gmt":"2026-01-03T13:21:31","guid":{"rendered":"https:\/\/hephaprecision.com\/?page_id=1892"},"modified":"2026-01-09T06:19:50","modified_gmt":"2026-01-09T06:19:50","slug":"precision-profile-grinding","status":"publish","type":"page","link":"https:\/\/hephaprecision.com\/pt\/precision-profile-grinding\/","title":{"rendered":"tecnologia"},"content":{"rendered":"<div class=\"wp-block-greenshift-blocks-row alignwide gspb_row gspb_row-id-gsbp-6d35c4d\" id=\"gspb_row-id-gsbp-6d35c4d\"><div class=\"gspb_row__content\"> \n<div class=\"wp-block-greenshift-blocks-row-column gspb_row__col--6 gspb_col-id-gsbp-b6c2cee\" id=\"gspb_col-id-gsbp-b6c2cee\">\n<figure class=\"wp-block-embed is-type-video is-provider-youtube wp-block-embed-youtube wp-embed-aspect-16-9 wp-has-aspect-ratio\"><div class=\"wp-block-embed__wrapper\">\n<iframe loading=\"lazy\" title=\"O que \u00e9 a retifica\u00e7\u00e3o de perfis no fabrico de ferramentas e moldes? | Explica\u00e7\u00e3o sobre ferramentas de precis\u00e3o\" width=\"1290\" height=\"726\" src=\"https:\/\/www.youtube.com\/embed\/rXSZzPycK1Q?feature=oembed\" frameborder=\"0\" allow=\"accelerometer; autoplay; clipboard-write; encrypted-media; gyroscope; picture-in-picture; web-share\" referrerpolicy=\"strict-origin-when-cross-origin\" allowfullscreen><\/iframe>\n<\/div><\/figure>\n<\/div>\n\n\n\n<div class=\"wp-block-greenshift-blocks-row-column gspb_row__col--6 gspb_col-id-gsbp-24fe51a\" id=\"gspb_col-id-gsbp-24fe51a\">\n<h2 id=\"gspb_heading-id-gsbp-a754ac9\" class=\"gspb_heading gspb_heading-id-gsbp-a754ac9\">Retifica\u00e7\u00e3o de Perfis de Precis\u00e3o (PG) - Waida High-Precision Solutions<span class=\"gspb_heading_subtitle\"><strong>Retifica\u00e7\u00e3o de perfis (PG)<\/strong> proporciona uma maquina\u00e7\u00e3o de contornos e perfis de alta precis\u00e3o onde a fun\u00e7\u00e3o da pe\u00e7a depende de <strong>precis\u00e3o da forma e n\u00e3o apenas do tamanho<\/strong>. As nossas m\u00e1quinas Waida PG permitem <strong>precis\u00e3o repet\u00edvel, deforma\u00e7\u00e3o m\u00ednima e qualidade de superf\u00edcie superior<\/strong>.<br><\/span><\/h2>\n<\/div>\n <\/div><\/div>\n\n\n\n<div class=\"wp-block-greenshift-blocks-row gspb_row gspb_row-id-gsbp-5ed327f\" id=\"gspb_row-id-gsbp-5ed327f\"><div class=\"gspb_row__content\"> \n<div class=\"wp-block-greenshift-blocks-row-column gspb_row__col--6 gspb_col-id-gsbp-cdccd75\" id=\"gspb_col-id-gsbp-cdccd75\">\n<h3 id=\"gspb_heading-id-gsbp-fa73a5c\" class=\"gspb_heading gspb_heading-id-gsbp-fa73a5c\">Vis\u00e3o geral do processo<\/h3>\n\n\n\n<div id=\"gspb_text-id-gsbp-b4a97c9\" class=\"gspb_text gspb_text-id-gsbp-b4a97c9 gs_style_skeuomorphism\"><strong>Retifica\u00e7\u00e3o de perfis<\/strong> \u00e9 um <strong>processo de moagem com base na forma<\/strong>:<br><strong>Revestimento de rodas:<\/strong> A cobertura de diamante cria uma r\u00e9plica negativa do contorno alvo.<br><strong>Retifica\u00e7\u00e3o controlada por CNC:<\/strong> A roda segue traject\u00f3rias precisas com controlo de alimenta\u00e7\u00e3o ao n\u00edvel de microns.<br><strong>Remunera\u00e7\u00e3o do perfil:<\/strong> Os sistemas \u00f3pticos e CNC permitem o alinhamento e a corre\u00e7\u00e3o em tempo real.<br><strong>Resultado:<\/strong> Precis\u00e3o de contorno de passagem \u00fanica sem erros de acumula\u00e7\u00e3o em v\u00e1rias etapas.<\/div>\n<style>.gs_style_skeuomorphism{background:#f5f5fa;border:0;border-radius:8px;box-shadow:-10px -10px 30px 0 #fff,10px 10px 30px 0 #1d0dca17;box-sizing:border-box;cursor:pointer;position:relative;transition:var(--gs-root-transition, all .5s ease-in-out);}.gs_style_skeuomorphism:hover{background:#f8f8ff;box-shadow:-15px -15px 30px 0 #fff,15px 15px 30px 0 #1d0dca17}<\/style><\/div>\n <\/div><\/div>\n\n\n\n<h3 id=\"gspb_heading-id-gsbp-72ee566\" class=\"gspb_heading gspb_heading-id-gsbp-72ee566\">Capacidades t\u00e9cnicas<\/h3>\n\n\n\n<figure class=\"wp-block-table\"><table class=\"has-fixed-layout\"><thead><tr><th>Par\u00e2metro<\/th><th>Valores t\u00edpicos \/ Notas<\/th><\/tr><\/thead><tbody><tr><td>Precis\u00e3o dimensional<\/td><td>\u00b10,001 mm<\/td><\/tr><tr><td>Rugosidade da superf\u00edcie (Ra)<\/td><td>0,1 - 0,2 \u03bcm t\u00edpico<\/td><\/tr><tr><td>Repetibilidade<\/td><td>\u00b10,002 mm<\/td><\/tr><tr><td>Tamanho m\u00ednimo do elemento<\/td><td>0,1 mm borda\/fenda<\/td><\/tr><tr><td>Tamanho m\u00e1ximo da pe\u00e7a<\/td><td>At\u00e9 400 mm \u00d7 200 mm \u00d7 150 mm (depende do modelo da m\u00e1quina)<\/td><\/tr><tr><td>Dureza m\u00e1xima do material<\/td><td>HRC 68 (carboneto de tungst\u00e9nio, a\u00e7o para ferramentas)<\/td><\/tr><\/tbody><\/table><\/figure>\n\n\n\n<p><strong>Ponto-chave:<\/strong> PG destaca-se em <strong>pe\u00e7as pequenas, delicadas ou de paredes finas<\/strong> sem deforma\u00e7\u00e3o.<\/p>\n\n\n\n<h3 id=\"gspb_heading-id-gsbp-0669f83\" class=\"gspb_heading gspb_heading-id-gsbp-0669f83\">Materiais compat\u00edveis<\/h3>\n\n\n\n<ul class=\"wp-block-list\">\n<li>Carboneto de tungst\u00e9nio e ligas duras<\/li>\n\n\n\n<li>A\u00e7o de alta velocidade (HSS)<\/li>\n\n\n\n<li>A\u00e7os para ferramentas (SKD11, DC53)<\/li>\n\n\n\n<li>A\u00e7os inoxid\u00e1veis (s\u00e9rie SUS)<\/li>\n\n\n\n<li>Ligas de cobre e ber\u00edlio-cobre<\/li>\n\n\n\n<li>Componentes tratados termicamente<\/li>\n<\/ul>\n\n\n\n<p><strong>Nota de engenharia:<\/strong> A PG pode trabalhar com componentes de moldes p\u00f3s-tratados termicamente e inser\u00e7\u00f5es de elevada dureza com controlo de contorno ao n\u00edvel do m\u00edcron.<\/p>\n\n\n\n<h3 id=\"gspb_heading-id-gsbp-6ea7503\" class=\"gspb_heading gspb_heading-id-gsbp-6ea7503\">Aplica\u00e7\u00f5es t\u00edpicas - orientadas para os dados<\/h3>\n\n\n\n<figure class=\"wp-block-table\"><table class=\"has-fixed-layout\"><thead><tr><th>Aplica\u00e7\u00e3o<\/th><th>Exemplos de pe\u00e7as<\/th><th>Carater\u00edsticas principais<\/th><\/tr><\/thead><tbody><tr><td>Componentes de moldes e ferramentas<\/td><td>Pun\u00e7\u00f5es, inser\u00e7\u00f5es de matrizes, n\u00facleos, deslizadores<\/td><td>\u00c2ngulos R, arestas, perfil cr\u00edtico<\/td><\/tr><tr><td>Ferramentas de corte de precis\u00e3o<\/td><td>Fresas de moldar, fresas de \u00e2ngulo R, ferramentas de chanfrar<\/td><td>Precis\u00e3o do contorno \u00b10,001 mm<\/td><\/tr><tr><td>Componentes de movimento mec\u00e2nico<\/td><td>Perfis de c\u00e2maras, seguidores<\/td><td>O perfil define a precis\u00e3o do movimento<\/td><\/tr><tr><td>Eletr\u00f3nica e conectores<\/td><td>Terminais, molas de contacto<\/td><td>Pequenas carater\u00edsticas, alta repetibilidade<\/td><\/tr><tr><td>Calibres e acess\u00f3rios<\/td><td>Medidores de perfil, blocos de refer\u00eancia<\/td><td>Consist\u00eancia dimensional, baixa deforma\u00e7\u00e3o<\/td><\/tr><tr><td>Instrumentos m\u00e9dicos \/ de precis\u00e3o<\/td><td>Instrumentos cir\u00fargicos, bordos de micro-corte<\/td><td>Precis\u00e3o de arestas, perfis complexos<\/td><\/tr><\/tbody><\/table><\/figure>\n\n\n\n<p><strong>Perce\u00e7\u00e3o de engenharia:<\/strong> Para pe\u00e7as em que <strong>perfil = fun\u00e7\u00e3o<\/strong>, PG assegura a integridade funcional.<\/p>\n\n\n\n<h3 id=\"gspb_heading-id-gsbp-405af8c\" class=\"gspb_heading gspb_heading-id-gsbp-405af8c\">Vantagens em rela\u00e7\u00e3o a outros m\u00e9todos<\/h3>\n\n\n\n<figure class=\"wp-block-table\"><table class=\"has-fixed-layout\"><thead><tr><th>Carater\u00edstica<\/th><th>PG<\/th><th>CNC \/ EDM<\/th><\/tr><\/thead><tbody><tr><td>Precis\u00e3o de contorno<\/td><td>\u00b10,001 mm<\/td><td>\u00b10,01 mm t\u00edpico<\/td><\/tr><tr><td>Acabamento da superf\u00edcie<\/td><td>Ra 0,1-0,2 \u03bcm<\/td><td>Ra 0,4-0,8 \u03bcm<\/td><\/tr><tr><td>Consist\u00eancia dos bordos<\/td><td>Elevado<\/td><td>Moderado<\/td><\/tr><tr><td>Flexibilidade dos materiais<\/td><td>A\u00e7os duros, carbonetos<\/td><td>A\u00e7os duros, carbonetos limitados<\/td><\/tr><tr><td>Acumula\u00e7\u00e3o em v\u00e1rias etapas<\/td><td>M\u00ednimo<\/td><td>Superior, requer acabamento secund\u00e1rio<\/td><\/tr><\/tbody><\/table><\/figure>\n\n\n\n<h3 id=\"gspb_heading-id-gsbp-42c70de\" class=\"gspb_heading gspb_heading-id-gsbp-42c70de\">Quando considerar a externaliza\u00e7\u00e3o do PG<\/h3>\n\n\n\n<ul class=\"wp-block-list\">\n<li>Cr\u00edtico <strong>curvas, arestas ou perfis<\/strong><\/li>\n\n\n\n<li>Pe\u00e7as pequenas, finas ou delicadas<\/li>\n\n\n\n<li>Pe\u00e7as necess\u00e1rias <strong>elevada repetibilidade funcional<\/strong><\/li>\n\n\n\n<li>Baixo volume, alta precis\u00e3o ou formas personalizadas<\/li>\n<\/ul>\n\n\n\n<p><strong>Regra de decis\u00e3o:<\/strong> Se o desempenho da sua pe\u00e7a depende do contorno, PG \u00e9 frequentemente o <strong>\u00fanica solu\u00e7\u00e3o pr\u00e1tica<\/strong>.<\/p>\n\n\n\n<h3 id=\"gspb_heading-id-gsbp-07f0846\" class=\"gspb_heading gspb_heading-id-gsbp-07f0846\">Apoio e colabora\u00e7\u00e3o em engenharia<\/h3>\n\n\n\n<p>N\u00f3s fornecemos:<\/p>\n\n\n\n<ul class=\"wp-block-list\">\n<li><strong>An\u00e1lise de viabilidade:<\/strong> Determinar se o PG \u00e9 adequado<\/li>\n\n\n\n<li><strong>Otimiza\u00e7\u00e3o do perfil:<\/strong> Sugerir modifica\u00e7\u00f5es para efeitos de fabrico<\/li>\n\n\n\n<li><strong>Avalia\u00e7\u00e3o da exatid\u00e3o e do risco:<\/strong> Prever toler\u00e2ncias, deforma\u00e7\u00f5es e repetibilidade<\/li>\n\n\n\n<li><strong>PG vs orienta\u00e7\u00e3o de m\u00e9todos alternativos:<\/strong> Evitar tentativas e erros dispendiosos<\/li>\n<\/ul>\n\n\n\n<p><strong>CTA:<\/strong> Partilhe os seus ficheiros CAD ou desenhos t\u00e9cnicos, e n\u00f3s forneceremos um <strong>relat\u00f3rio de viabilidade PG pormenorizado com toler\u00e2ncias previstas e acabamento de superf\u00edcie alcan\u00e7\u00e1vel<\/strong>.<\/p>\n\n\n\n<figure class=\"wp-block-gallery has-nested-images columns-default is-cropped wp-block-gallery-1 is-layout-flex wp-block-gallery-is-layout-flex\">\n<figure class=\"wp-block-image size-large\"><img loading=\"lazy\" decoding=\"async\" width=\"1000\" height=\"750\" data-id=\"2134\" src=\"https:\/\/hephaprecision.com\/wp-content\/uploads\/2026\/01\/Precision-Profile-Grinding.jpg\" alt=\"\" class=\"wp-image-2134\" srcset=\"https:\/\/hephaprecision.com\/wp-content\/uploads\/2026\/01\/Precision-Profile-Grinding.jpg 1000w, https:\/\/hephaprecision.com\/wp-content\/uploads\/2026\/01\/Precision-Profile-Grinding-300x225.jpg 300w, https:\/\/hephaprecision.com\/wp-content\/uploads\/2026\/01\/Precision-Profile-Grinding-768x576.jpg 768w\" sizes=\"auto, (max-width: 1000px) 100vw, 1000px\" \/><\/figure>\n\n\n\n<figure class=\"wp-block-image size-large\"><img loading=\"lazy\" decoding=\"async\" width=\"1024\" height=\"668\" data-id=\"2135\" src=\"https:\/\/hephaprecision.com\/wp-content\/uploads\/2026\/01\/Precision-Profile-Grinding-1024x668.png\" alt=\"\" class=\"wp-image-2135\" srcset=\"https:\/\/hephaprecision.com\/wp-content\/uploads\/2026\/01\/Precision-Profile-Grinding-1024x668.png 1024w, https:\/\/hephaprecision.com\/wp-content\/uploads\/2026\/01\/Precision-Profile-Grinding-300x196.png 300w, https:\/\/hephaprecision.com\/wp-content\/uploads\/2026\/01\/Precision-Profile-Grinding-768x501.png 768w, https:\/\/hephaprecision.com\/wp-content\/uploads\/2026\/01\/Precision-Profile-Grinding.png 1356w\" sizes=\"auto, (max-width: 1024px) 100vw, 1024px\" \/><\/figure>\n<\/figure>","protected":false},"excerpt":{"rendered":"<p>Parameter Typical Values \/ Notes Dimensional accuracy \u00b10.001 mm Surface roughness (Ra) 0.1 \u2013 0.2 \u03bcm typical Repeatability \u00b10.002 mm Minimum feature size 0.1 mm edge\/slot Maximum part size Up to 400 mm \u00d7 200 mm \u00d7 150 mm (depends on machine model) Max material hardness HRC 68 (tungsten carbide, tool steel) Key point: PG [&hellip;]<\/p>","protected":false},"author":1,"featured_media":2134,"parent":0,"menu_order":0,"comment_status":"closed","ping_status":"closed","template":"page-templates\/full-width.php","meta":{"_acf_changed":false,"_gspb_post_css":"#gspb_row-id-gsbp-6d35c4d{justify-content:space-between;margin-top:0;display:flex;flex-wrap:wrap;margin-bottom:0;padding-top:50px;padding-bottom:50px;background-color:#f7f7f7}#gspb_row-id-gsbp-6d35c4d>.gspb_row__content{display:flex;justify-content:space-between;margin:0 auto;width:100%;flex-wrap:wrap;max-width:1200px}.gspb_row{position:relative}div[id^=gspb_col-id]{box-sizing:border-box;position:relative;padding:var(--gs-row-column-padding, 15px min(3vw, 20px))}#gspb_col-id-gsbp-b6c2cee.gspb_row__col--6{width:50%}@media (max-width:575.98px){#gspb_col-id-gsbp-b6c2cee.gspb_row__col--6{width:100%}}#gspb_col-id-gsbp-24fe51a.gspb_row__col--6{width:50%}@media (max-width:575.98px){#gspb_col-id-gsbp-24fe51a.gspb_row__col--6{width:100%}}.gspb_row #gspb_col-id-gsbp-24fe51a.gspb_row__col--6{margin-top:50px}@media (max-width:575.98px){.gspb_row #gspb_col-id-gsbp-24fe51a.gspb_row__col--6{margin-top:0}}#gspb_heading-id-gsbp-a754ac9 .gspb_heading_subtitle,#gspb_subheading-id-gsbp-a754ac9{display:block;font-size:17px;line-height:22px;margin-top:5px;font-weight:400!important}#gspb_row-id-gsbp-5ed327f{justify-content:space-between;margin-top:0;display:flex;flex-wrap:wrap;margin-bottom:0;padding-top:50px;padding-bottom:50px}#gspb_row-id-gsbp-5ed327f>.gspb_row__content{display:flex;justify-content:space-between;margin:0 auto;width:100%;flex-wrap:wrap}body.gspb-bodyfront #gspb_row-id-gsbp-5ed327f>.gspb_row__content{width:var(--theme-container-width, 1200px);max-width:var(--theme-normal-container-max-width, 1200px)}#gspb_col-id-gsbp-cdccd75.gspb_row__col--6{width:50%}@media (max-width:575.98px){#gspb_col-id-gsbp-cdccd75.gspb_row__col--6{width:100%}}@media (min-width:992px){body.gspb-bodyfront #gspb_col-id-gsbp-cdccd75.gspb_row__col--6{width:calc(100% - 0px - 0px)}}@media (min-width:576px) and (max-width:991.98px){body.gspb-bodyfront #gspb_col-id-gsbp-cdccd75.gspb_row__col--6{width:calc(100% - 0px - 0px)}}#gspb_heading-id-gsbp-fa73a5c,#gspb_heading-id-gsbp-fa73a5c .gsap-g-line{text-align:center!important}#gspb_heading-id-gsbp-fa73a5c{margin-top:0;margin-bottom:0}.gspb_text-id-gsbp-b4a97c9,.gspb_text-id-gsbp-b4a97c9 .gsap-g-line{text-align:justify!important}.gspb_text-id-gsbp-b4a97c9{margin-top:10px!important;margin-bottom:0!important}#gspb_heading-id-gsbp-72ee566,#gspb_heading-id-gsbp-72ee566 .gsap-g-line{text-align:center!important}#gspb_heading-id-gsbp-72ee566{margin-top:0}#gspb_heading-id-gsbp-0669f83,#gspb_heading-id-gsbp-0669f83 .gsap-g-line,#gspb_heading-id-gsbp-07f0846,#gspb_heading-id-gsbp-07f0846 .gsap-g-line,#gspb_heading-id-gsbp-405af8c,#gspb_heading-id-gsbp-405af8c .gsap-g-line,#gspb_heading-id-gsbp-42c70de,#gspb_heading-id-gsbp-42c70de .gsap-g-line,#gspb_heading-id-gsbp-6ea7503,#gspb_heading-id-gsbp-6ea7503 .gsap-g-line{text-align:center!important}","footnotes":""},"class_list":["post-1892","page","type-page","status-publish","has-post-thumbnail","hentry"],"blocksy_meta":[],"yoast_head":"<!-- This site is optimized with the Yoast SEO plugin v27.0 - https:\/\/yoast.com\/product\/yoast-seo-wordpress\/ -->\n<title>Precision Profile Grinding (PG) Services<\/title>\n<meta name=\"description\" content=\"Outsource high-precision Profile Grinding (PG) for mold punches, die inserts, R-angle cutters, and micro metal parts.\" \/>\n<meta name=\"robots\" content=\"index, follow, max-snippet:-1, max-image-preview:large, max-video-preview:-1\" \/>\n<link rel=\"canonical\" href=\"https:\/\/hephaprecision.com\/pt\/precision-profile-grinding\/\" \/>\n<meta property=\"og:locale\" content=\"pt_PT\" \/>\n<meta property=\"og:type\" content=\"article\" \/>\n<meta property=\"og:title\" content=\"Precision Profile Grinding (PG) Services\" \/>\n<meta property=\"og:description\" content=\"Outsource high-precision Profile Grinding (PG) for mold punches, die inserts, R-angle cutters, and micro metal parts.\" \/>\n<meta property=\"og:url\" content=\"https:\/\/hephaprecision.com\/pt\/precision-profile-grinding\/\" \/>\n<meta property=\"og:site_name\" content=\"Hepha\" \/>\n<meta property=\"article:publisher\" content=\"https:\/\/www.facebook.com\/profile.php?id=61585797142861\" \/>\n<meta property=\"article:modified_time\" content=\"2026-01-09T06:19:50+00:00\" \/>\n<meta property=\"og:image\" content=\"https:\/\/hephaprecision.com\/wp-content\/uploads\/2026\/01\/Precision-Profile-Grinding.jpg\" \/>\n\t<meta property=\"og:image:width\" content=\"1000\" \/>\n\t<meta property=\"og:image:height\" content=\"750\" \/>\n\t<meta property=\"og:image:type\" content=\"image\/jpeg\" \/>\n<meta name=\"twitter:card\" content=\"summary_large_image\" \/>\n<meta name=\"twitter:label1\" content=\"Tempo estimado de leitura\" \/>\n\t<meta name=\"twitter:data1\" content=\"3 minutos\" \/>\n<script type=\"application\/ld+json\" class=\"yoast-schema-graph\">{\"@context\":\"https:\/\/schema.org\",\"@graph\":[{\"@type\":\"WebPage\",\"@id\":\"https:\/\/hephaprecision.com\/precision-profile-grinding\/\",\"url\":\"https:\/\/hephaprecision.com\/precision-profile-grinding\/\",\"name\":\"Precision Profile Grinding (PG) Services\",\"isPartOf\":{\"@id\":\"https:\/\/hephaprecision.com\/#website\"},\"primaryImageOfPage\":{\"@id\":\"https:\/\/hephaprecision.com\/precision-profile-grinding\/#primaryimage\"},\"image\":{\"@id\":\"https:\/\/hephaprecision.com\/precision-profile-grinding\/#primaryimage\"},\"thumbnailUrl\":\"https:\/\/hephaprecision.com\/wp-content\/uploads\/2026\/01\/Precision-Profile-Grinding.jpg\",\"datePublished\":\"2026-01-03T13:21:31+00:00\",\"dateModified\":\"2026-01-09T06:19:50+00:00\",\"description\":\"Outsource high-precision Profile Grinding (PG) for mold punches, die inserts, R-angle cutters, and micro metal parts.\",\"breadcrumb\":{\"@id\":\"https:\/\/hephaprecision.com\/precision-profile-grinding\/#breadcrumb\"},\"inLanguage\":\"pt-PT\",\"potentialAction\":[{\"@type\":\"ReadAction\",\"target\":[\"https:\/\/hephaprecision.com\/precision-profile-grinding\/\"]}]},{\"@type\":\"ImageObject\",\"inLanguage\":\"pt-PT\",\"@id\":\"https:\/\/hephaprecision.com\/precision-profile-grinding\/#primaryimage\",\"url\":\"https:\/\/hephaprecision.com\/wp-content\/uploads\/2026\/01\/Precision-Profile-Grinding.jpg\",\"contentUrl\":\"https:\/\/hephaprecision.com\/wp-content\/uploads\/2026\/01\/Precision-Profile-Grinding.jpg\",\"width\":1000,\"height\":750},{\"@type\":\"BreadcrumbList\",\"@id\":\"https:\/\/hephaprecision.com\/precision-profile-grinding\/#breadcrumb\",\"itemListElement\":[{\"@type\":\"ListItem\",\"position\":1,\"name\":\"\u9996\u9875\",\"item\":\"https:\/\/hephaprecision.com\/\"},{\"@type\":\"ListItem\",\"position\":2,\"name\":\"technology\"}]},{\"@type\":\"WebSite\",\"@id\":\"https:\/\/hephaprecision.com\/#website\",\"url\":\"https:\/\/hephaprecision.com\/\",\"name\":\"Hepha\",\"description\":\"\",\"publisher\":{\"@id\":\"https:\/\/hephaprecision.com\/#organization\"},\"potentialAction\":[{\"@type\":\"SearchAction\",\"target\":{\"@type\":\"EntryPoint\",\"urlTemplate\":\"https:\/\/hephaprecision.com\/?s={search_term_string}\"},\"query-input\":{\"@type\":\"PropertyValueSpecification\",\"valueRequired\":true,\"valueName\":\"search_term_string\"}}],\"inLanguage\":\"pt-PT\"},{\"@type\":\"Organization\",\"@id\":\"https:\/\/hephaprecision.com\/#organization\",\"name\":\"Hepha\",\"url\":\"https:\/\/hephaprecision.com\/\",\"logo\":{\"@type\":\"ImageObject\",\"inLanguage\":\"pt-PT\",\"@id\":\"https:\/\/hephaprecision.com\/#\/schema\/logo\/image\/\",\"url\":\"https:\/\/hephaprecision.com\/wp-content\/uploads\/2025\/12\/hepha.png\",\"contentUrl\":\"https:\/\/hephaprecision.com\/wp-content\/uploads\/2025\/12\/hepha.png\",\"width\":300,\"height\":120,\"caption\":\"Hepha\"},\"image\":{\"@id\":\"https:\/\/hephaprecision.com\/#\/schema\/logo\/image\/\"},\"sameAs\":[\"https:\/\/www.facebook.com\/profile.php?id=61585797142861\"]}]}<\/script>\n<!-- \/ Yoast SEO plugin. -->","yoast_head_json":{"title":"Servi\u00e7os de retifica\u00e7\u00e3o de perfis de precis\u00e3o (PG)","description":"Subcontratar a retifica\u00e7\u00e3o de perfis (PG) de alta precis\u00e3o para pun\u00e7\u00f5es de moldes, inser\u00e7\u00f5es de matrizes, cortadores de \u00e2ngulo R e micrope\u00e7as met\u00e1licas.","robots":{"index":"index","follow":"follow","max-snippet":"max-snippet:-1","max-image-preview":"max-image-preview:large","max-video-preview":"max-video-preview:-1"},"canonical":"https:\/\/hephaprecision.com\/pt\/precision-profile-grinding\/","og_locale":"pt_PT","og_type":"article","og_title":"Precision Profile Grinding (PG) Services","og_description":"Outsource high-precision Profile Grinding (PG) for mold punches, die inserts, R-angle cutters, and micro metal parts.","og_url":"https:\/\/hephaprecision.com\/pt\/precision-profile-grinding\/","og_site_name":"Hepha","article_publisher":"https:\/\/www.facebook.com\/profile.php?id=61585797142861","article_modified_time":"2026-01-09T06:19:50+00:00","og_image":[{"width":1000,"height":750,"url":"https:\/\/hephaprecision.com\/wp-content\/uploads\/2026\/01\/Precision-Profile-Grinding.jpg","type":"image\/jpeg"}],"twitter_card":"summary_large_image","twitter_misc":{"Tempo estimado de leitura":"3 minutos"},"schema":{"@context":"https:\/\/schema.org","@graph":[{"@type":"WebPage","@id":"https:\/\/hephaprecision.com\/precision-profile-grinding\/","url":"https:\/\/hephaprecision.com\/precision-profile-grinding\/","name":"Servi\u00e7os de retifica\u00e7\u00e3o de perfis de precis\u00e3o (PG)","isPartOf":{"@id":"https:\/\/hephaprecision.com\/#website"},"primaryImageOfPage":{"@id":"https:\/\/hephaprecision.com\/precision-profile-grinding\/#primaryimage"},"image":{"@id":"https:\/\/hephaprecision.com\/precision-profile-grinding\/#primaryimage"},"thumbnailUrl":"https:\/\/hephaprecision.com\/wp-content\/uploads\/2026\/01\/Precision-Profile-Grinding.jpg","datePublished":"2026-01-03T13:21:31+00:00","dateModified":"2026-01-09T06:19:50+00:00","description":"Subcontratar a retifica\u00e7\u00e3o de perfis (PG) de alta precis\u00e3o para pun\u00e7\u00f5es de moldes, inser\u00e7\u00f5es de matrizes, cortadores de \u00e2ngulo R e micrope\u00e7as met\u00e1licas.","breadcrumb":{"@id":"https:\/\/hephaprecision.com\/precision-profile-grinding\/#breadcrumb"},"inLanguage":"pt-PT","potentialAction":[{"@type":"ReadAction","target":["https:\/\/hephaprecision.com\/precision-profile-grinding\/"]}]},{"@type":"ImageObject","inLanguage":"pt-PT","@id":"https:\/\/hephaprecision.com\/precision-profile-grinding\/#primaryimage","url":"https:\/\/hephaprecision.com\/wp-content\/uploads\/2026\/01\/Precision-Profile-Grinding.jpg","contentUrl":"https:\/\/hephaprecision.com\/wp-content\/uploads\/2026\/01\/Precision-Profile-Grinding.jpg","width":1000,"height":750},{"@type":"BreadcrumbList","@id":"https:\/\/hephaprecision.com\/precision-profile-grinding\/#breadcrumb","itemListElement":[{"@type":"ListItem","position":1,"name":"\u9996\u9875","item":"https:\/\/hephaprecision.com\/"},{"@type":"ListItem","position":2,"name":"technology"}]},{"@type":"WebSite","@id":"https:\/\/hephaprecision.com\/#website","url":"https:\/\/hephaprecision.com\/","name":"Hepha","description":"","publisher":{"@id":"https:\/\/hephaprecision.com\/#organization"},"potentialAction":[{"@type":"SearchAction","target":{"@type":"EntryPoint","urlTemplate":"https:\/\/hephaprecision.com\/?s={search_term_string}"},"query-input":{"@type":"PropertyValueSpecification","valueRequired":true,"valueName":"search_term_string"}}],"inLanguage":"pt-PT"},{"@type":"Organization","@id":"https:\/\/hephaprecision.com\/#organization","name":"Hepha","url":"https:\/\/hephaprecision.com\/","logo":{"@type":"ImageObject","inLanguage":"pt-PT","@id":"https:\/\/hephaprecision.com\/#\/schema\/logo\/image\/","url":"https:\/\/hephaprecision.com\/wp-content\/uploads\/2025\/12\/hepha.png","contentUrl":"https:\/\/hephaprecision.com\/wp-content\/uploads\/2025\/12\/hepha.png","width":300,"height":120,"caption":"Hepha"},"image":{"@id":"https:\/\/hephaprecision.com\/#\/schema\/logo\/image\/"},"sameAs":["https:\/\/www.facebook.com\/profile.php?id=61585797142861"]}]}},"acf":[],"_hostinger_reach_plugin_has_subscription_block":false,"_hostinger_reach_plugin_is_elementor":false,"_links":{"self":[{"href":"https:\/\/hephaprecision.com\/pt\/wp-json\/wp\/v2\/pages\/1892","targetHints":{"allow":["GET"]}}],"collection":[{"href":"https:\/\/hephaprecision.com\/pt\/wp-json\/wp\/v2\/pages"}],"about":[{"href":"https:\/\/hephaprecision.com\/pt\/wp-json\/wp\/v2\/types\/page"}],"author":[{"embeddable":true,"href":"https:\/\/hephaprecision.com\/pt\/wp-json\/wp\/v2\/users\/1"}],"replies":[{"embeddable":true,"href":"https:\/\/hephaprecision.com\/pt\/wp-json\/wp\/v2\/comments?post=1892"}],"version-history":[{"count":15,"href":"https:\/\/hephaprecision.com\/pt\/wp-json\/wp\/v2\/pages\/1892\/revisions"}],"predecessor-version":[{"id":2137,"href":"https:\/\/hephaprecision.com\/pt\/wp-json\/wp\/v2\/pages\/1892\/revisions\/2137"}],"wp:featuredmedia":[{"embeddable":true,"href":"https:\/\/hephaprecision.com\/pt\/wp-json\/wp\/v2\/media\/2134"}],"wp:attachment":[{"href":"https:\/\/hephaprecision.com\/pt\/wp-json\/wp\/v2\/media?parent=1892"}],"curies":[{"name":"wp","href":"https:\/\/api.w.org\/{rel}","templated":true}]}}